{"id":884,"date":"2022-03-17T13:24:42","date_gmt":"2022-03-17T12:24:42","guid":{"rendered":"http:\/\/decisive-design.de\/intuitionstraining\/impressum\/"},"modified":"2022-10-05T21:28:09","modified_gmt":"2022-10-05T19:28:09","slug":"impressum","status":"publish","type":"page","link":"https:\/\/shop.alexandrasorgenicht.com\/en\/impressum\/","title":{"rendered":"Imprint"},"content":{"rendered":"<div data-elementor-type=\"wp-page\" data-elementor-id=\"884\" class=\"elementor elementor-884\" data-elementor-post-type=\"page\">\n\t\t\t\t\t\t<section class=\"elementor-section elementor-top-section elementor-element elementor-element-58c9088e elementor-section-boxed elementor-section-height-default elementor-section-height-default\" data-id=\"58c9088e\" data-element_type=\"section\" data-e-type=\"section\">\n\t\t\t\t\t\t<div class=\"elementor-container elementor-column-gap-default\">\n\t\t\t\t\t<div class=\"elementor-column elementor-col-100 elementor-top-column elementor-element elementor-element-10bea4bc\" data-id=\"10bea4bc\" data-element_type=\"column\" data-e-type=\"column\">\n\t\t\t<div class=\"elementor-widget-wrap elementor-element-populated\">\n\t\t\t\t\t\t<div class=\"elementor-element elementor-element-b93cb3c elementor-widget elementor-widget-text-editor\" data-id=\"b93cb3c\" data-element_type=\"widget\" data-e-type=\"widget\" data-widget_type=\"text-editor.default\">\n\t\t\t\t<div class=\"elementor-widget-container\">\n\t\t\t\t\t\t\t\t\t<div class=\"container-content legaltext\">\n<div class=\"spacer\"><\/div>\n<h1 class=\"heading-h1\">Imprint<\/h1>\n<div class=\"textblock-bold\"><strong>Information according to \u00a75 TMG<\/strong><\/div>\n<div class=\"spacer _8px\"><\/div>\n<p class=\"paragraph-normal\">INSTITUTE FOR INTUITION TRAINING<br>Alexandra Sorgenicht is responsible for the content of this page.<br><a href=\"mailto:alexandra@intuitionstraining.org\">alexandra@intuitionstraining.org<\/a> <br><br>\u200d<strong>Cologne<br>\u200d<\/strong>Luxemburger Strasse 305<br>50939 Cologne<br>Phone +49.221.34660627<br><br> <strong>Tax number<\/strong><br>219\/5316\/3053 <br><br>\u200d<strong>Communication design<\/strong><br><a href=\"https:\/\/www.normaphillips.de\/\" target=\"_blank\">www.normaphillips.de<br><\/a>\u200d<br><br>\u200d<strong>Disclaimer<br>\u200d<\/strong><br>Despite careful control of the content, no liability is assumed for the content of external links. The operators of the linked pages are solely responsible for their content. <strong>Copyright<\/strong><br>All images, illustrations, texts and the web design reproduced on this site are subject to copyright and other laws for the protection of intellectual property. <strong>Privacy policy<\/strong>We take the protection of your personal data very seriously. We treat your personal data confidentially and in accordance with the statutory data protection regulations and this data protection declaration. Insofar as personal data (e.g. name, address or e-mail addresses) is collected on our website, this is always done on a voluntary basis as far as possible. This data will not be passed on to third parties without your express consent and we would like to point out that data transmission over the Internet (e.g. when communicating by e-mail) may be subject to security vulnerabilities. Complete protection of data against access by third parties is not possible. <a href=\"https:\/\/intuitionstraining.org\/datenschutz\">here <\/a><\/p>\n<div class=\"spacer\"><\/div>\n<p><a href=\"javascript:history.back();\" class=\"button w-button\">back<\/a><\/p><\/div>\t\t\t\t\t\t\t\t<\/div>\n\t\t\t\t<\/div>\n\t\t\t\t\t<\/div>\n\t\t<\/div>\n\t\t\t\t\t<\/div>\n\t\t<\/section>\n\t\t\t\t<\/div>","protected":false},"excerpt":{"rendered":"<p>Impressum Angaben gem\u00e4\u00df \u00a75 TMG INSTITUT F\u00dcR INTUITIONSTRAININGVerantwortlich f\u00fcr den Inhalt dieser Seite ist Alexandra Sorgenicht.alexandra@intuitionstraining.org \u200dK\u00f6ln\u200dLuxemburger Stra\u00dfe 30550939 K\u00f6lnTelefon +49.221.34660627 Steuernummer219\/5316\/3053 \u200dKommunikationsdesignwww.normaphillips.de\u200d \u200dHaftungshinweis\u200dTrotz sorgf\u00e4ltiger inhaltlicher Kontrolle wird keine Haftung f\u00fcr die Inhalte externer Links \u00fcbernommen. F\u00fcr den Inhalt der verlinkten Seiten sind ausschlie\u00dflich deren Betreiber verantwortlich. UrheberrechtAlle auf dieser Seite widergegebenen Bilder, Illustrationen, Texte [&hellip;]<\/p>\n","protected":false},"author":1,"featured_media":0,"parent":0,"menu_order":0,"comment_status":"closed","ping_status":"closed","template":"","meta":{"footnotes":""},"class_list":["post-884","page","type-page","status-publish","hentry"],"_links":{"self":[{"href":"https:\/\/shop.alexandrasorgenicht.com\/en\/wp-json\/wp\/v2\/pages\/884","targetHints":{"allow":["GET"]}}],"collection":[{"href":"https:\/\/shop.alexandrasorgenicht.com\/en\/wp-json\/wp\/v2\/pages"}],"about":[{"href":"https:\/\/shop.alexandrasorgenicht.com\/en\/wp-json\/wp\/v2\/types\/page"}],"author":[{"embeddable":true,"href":"https:\/\/shop.alexandrasorgenicht.com\/en\/wp-json\/wp\/v2\/users\/1"}],"replies":[{"embeddable":true,"href":"https:\/\/shop.alexandrasorgenicht.com\/en\/wp-json\/wp\/v2\/comments?post=884"}],"version-history":[{"count":9,"href":"https:\/\/shop.alexandrasorgenicht.com\/en\/wp-json\/wp\/v2\/pages\/884\/revisions"}],"predecessor-version":[{"id":8340,"href":"https:\/\/shop.alexandrasorgenicht.com\/en\/wp-json\/wp\/v2\/pages\/884\/revisions\/8340"}],"wp:attachment":[{"href":"https:\/\/shop.alexandrasorgenicht.com\/en\/wp-json\/wp\/v2\/media?parent=884"}],"curies":[{"name":"wp","href":"https:\/\/api.w.org\/{rel}","templated":true}]}}