{"id":10287,"date":"2022-12-08T12:32:30","date_gmt":"2022-12-08T11:32:30","guid":{"rendered":"https:\/\/tricky-month.flywheelsites.com\/?post_type=product&#038;p=10287"},"modified":"2024-12-13T23:07:49","modified_gmt":"2024-12-13T22:07:49","slug":"muetzen-2021","status":"publish","type":"product","link":"https:\/\/shop.alexandrasorgenicht.com\/en\/product\/muetzen-2021\/","title":{"rendered":"Hats \"HIGH VIBE TRIBE\" 2021"},"content":{"rendered":"<p><strong>Beanie<\/strong><br \/>\nModel 2021 with large golden stick \"HIGH VIBE TRIBE\", centered.<br \/>\nOn the back is embroidered in small letters - intuitionstraining.org.<\/p>\n<p>The cap is available in the following colors: magenta, teal, light grey, navy<\/p>\n<p>Washable up to 40 degrees<\/p>\n<p><strong>Note: Please order by 12.12.2024 so that you receive your parcel in time for Christmas.<\/strong><\/p>","protected":false},"excerpt":{"rendered":"<p>Beanie Modell 2021 mit gro\u00dfem goldenen Stick \u201cHIGH VIBE TRIBE\u201d, zentriert. Auf der R\u00fcckseite ist klein &#8211; intuitionstraining.org &#8211; eingestickt. Die M\u00fctze ist in folgenden Farben erh\u00e4ltlich: Magenta, Teal, Hellgrau, Navy Waschbar bis 40 Grad Hinweis: Damit dein Paket p\u00fcnktlich zu Weihnachten bei dir ist, bestelle bitte bis zum 12.12.2024.<\/p>","protected":false},"featured_media":10610,"template":"","meta":[],"product_brand":[],"product_cat":[159,272],"product_tag":[],"class_list":{"0":"post-10287","1":"product","2":"type-product","3":"status-publish","4":"has-post-thumbnail","6":"product_cat-was-warmes-von-herzen","7":"product_cat-weihnnachtsmerch","8":"product_shipping_class-490-versand","10":"first","11":"instock","12":"taxable","13":"shipping-taxable","14":"purchasable","15":"product-type-simple"},"_links":{"self":[{"href":"https:\/\/shop.alexandrasorgenicht.com\/en\/wp-json\/wp\/v2\/product\/10287","targetHints":{"allow":["GET"]}}],"collection":[{"href":"https:\/\/shop.alexandrasorgenicht.com\/en\/wp-json\/wp\/v2\/product"}],"about":[{"href":"https:\/\/shop.alexandrasorgenicht.com\/en\/wp-json\/wp\/v2\/types\/product"}],"wp:featuredmedia":[{"embeddable":true,"href":"https:\/\/shop.alexandrasorgenicht.com\/en\/wp-json\/wp\/v2\/media\/10610"}],"wp:attachment":[{"href":"https:\/\/shop.alexandrasorgenicht.com\/en\/wp-json\/wp\/v2\/media?parent=10287"}],"wp:term":[{"taxonomy":"product_brand","embeddable":true,"href":"https:\/\/shop.alexandrasorgenicht.com\/en\/wp-json\/wp\/v2\/product_brand?post=10287"},{"taxonomy":"product_cat","embeddable":true,"href":"https:\/\/shop.alexandrasorgenicht.com\/en\/wp-json\/wp\/v2\/product_cat?post=10287"},{"taxonomy":"product_tag","embeddable":true,"href":"https:\/\/shop.alexandrasorgenicht.com\/en\/wp-json\/wp\/v2\/product_tag?post=10287"}],"curies":[{"name":"wp","href":"https:\/\/api.w.org\/{rel}","templated":true}]}}