{"id":10288,"date":"2022-12-08T12:33:09","date_gmt":"2022-12-08T11:33:09","guid":{"rendered":"https:\/\/tricky-month.flywheelsites.com\/?post_type=product&#038;p=10288"},"modified":"2024-12-13T23:07:49","modified_gmt":"2024-12-13T22:07:49","slug":"muetzen-2022","status":"publish","type":"product","link":"https:\/\/shop.alexandrasorgenicht.com\/en\/product\/muetzen-2022\/","title":{"rendered":"Hats \"HIGH VIBE TRIBE\" 2022"},"content":{"rendered":"<div class=\"container\"><label class=\"badge newBadge pb-2 px-3 pt-1 mr-2\"><label class=\"badge newBadge pb-2 px-3 pt-1 mr-2\"><b class=\"d-block pt-1\">Beanie<\/b><br \/>\nOn the 2022 model, the \"HIGH VIBE TRIBE\" embroidery is smaller (11 cm wide) and embroidered a-symmetrically.<\/label><\/label>The cap is available in the following colors: Emerald, Charcoal, Coral, NavyW<span class=\"align-middle\">Washable up to 40 degrees<\/span><\/p>\n<p><strong>Note: Please order by 12.12.2024 so that you receive your parcel in time for Christmas.<\/strong><\/p>\n<\/div>\n<div class=\"border-top mt-4 mb-0 position-relative\"><\/div>","protected":false},"excerpt":{"rendered":"<p>Beanie Bei dem Modell 2022 ist der Stick &#8222;HIGH VIBE TRIBE&#8220; kleiner (11cm Breite) und a-symmetrisch aufgestickt.Die M\u00fctze ist in folgenden Farben erh\u00e4ltlich: Emerald, Charcoal, Coral, NavyWaschbar bis 40 Grad Hinweis: Damit dein Paket p\u00fcnktlich zu Weihnachten bei dir ist, bestelle bitte bis zum 12.12.2024.<\/p>","protected":false},"featured_media":10604,"template":"","meta":[],"product_brand":[],"product_cat":[272,159],"product_tag":[],"class_list":{"0":"post-10288","1":"product","2":"type-product","3":"status-publish","4":"has-post-thumbnail","6":"product_cat-weihnnachtsmerch","7":"product_cat-was-warmes-von-herzen","8":"product_shipping_class-490-versand","10":"first","11":"instock","12":"taxable","13":"shipping-taxable","14":"purchasable","15":"product-type-simple"},"_links":{"self":[{"href":"https:\/\/shop.alexandrasorgenicht.com\/en\/wp-json\/wp\/v2\/product\/10288","targetHints":{"allow":["GET"]}}],"collection":[{"href":"https:\/\/shop.alexandrasorgenicht.com\/en\/wp-json\/wp\/v2\/product"}],"about":[{"href":"https:\/\/shop.alexandrasorgenicht.com\/en\/wp-json\/wp\/v2\/types\/product"}],"wp:featuredmedia":[{"embeddable":true,"href":"https:\/\/shop.alexandrasorgenicht.com\/en\/wp-json\/wp\/v2\/media\/10604"}],"wp:attachment":[{"href":"https:\/\/shop.alexandrasorgenicht.com\/en\/wp-json\/wp\/v2\/media?parent=10288"}],"wp:term":[{"taxonomy":"product_brand","embeddable":true,"href":"https:\/\/shop.alexandrasorgenicht.com\/en\/wp-json\/wp\/v2\/product_brand?post=10288"},{"taxonomy":"product_cat","embeddable":true,"href":"https:\/\/shop.alexandrasorgenicht.com\/en\/wp-json\/wp\/v2\/product_cat?post=10288"},{"taxonomy":"product_tag","embeddable":true,"href":"https:\/\/shop.alexandrasorgenicht.com\/en\/wp-json\/wp\/v2\/product_tag?post=10288"}],"curies":[{"name":"wp","href":"https:\/\/api.w.org\/{rel}","templated":true}]}}