{"id":23711,"date":"2025-09-17T17:37:56","date_gmt":"2025-09-17T15:37:56","guid":{"rendered":"https:\/\/shop.alexandrasorgenicht.com\/?post_type=product&#038;p=23711"},"modified":"2025-11-01T07:25:47","modified_gmt":"2025-11-01T06:25:47","slug":"mastering-white","status":"publish","type":"product","link":"https:\/\/shop.alexandrasorgenicht.com\/en\/product\/mastering-white\/","title":{"rendered":"Mastering WHITE"},"content":{"rendered":"<p><strong><a href=\"https:\/\/alexandrasorgenicht.com\/mastering-white\" target=\"_blank\" rel=\"noopener\">YOU CAN FIND ALL THE DETAILS HERE.<\/a><\/strong><\/p>\n<ul>\n<li>3 units with 14 modules each<\/li>\n<li>Included:\n<ul>\n<li>1 day intensive presence in Cologne \/ Hybrid for those who cannot travel<\/li>\n<li>1 x monthly (minimum) opportunity to give a trance medium session under supervision<\/li>\n<\/ul>\n<\/li>\n<\/ul>\n<p><strong>Booking options:<\/strong><\/p>\n<p><strong>Early Bird until 31.10.2025,<\/strong> 7 Early Bird places: \u20ac 9,900.00 (total payment only) <strong>5 Early Bird places still available<\/strong><br \/>\nTotal booking and payment from 01.11.2025: \u20ac 11,000.00<\/p>\n<p>Installment payment: \u20ac 12,600.00<br \/>\n(down payment \u20ac 2,600.00, monthly \u20ac 555.00, final installment \u20ac 565.00)<\/p>\n<p>Booking in individual units: \u20ac 13,000.00<br \/>\nUnit I: 4.300,00 \u20ac<br \/>\nUnit II: 4.300,00 \u20ac<br \/>\nUnit III: \u20ac 4,400.00<\/p>\n<p><strong>Start 28.01.2026<\/strong><\/p>\n<p>Various preparatory events, information to follow.<\/p>","protected":false},"excerpt":{"rendered":"<p>ALLE DETAILS FINDEST DU HIER. 3 Units mit jeweils 14 Modulen Darin enthalten: 1 Tag intensive Pr\u00e4senz in K\u00f6ln \/ Hybrid f\u00fcr diejenigen, die nicht anreisen k\u00f6nnen 1 x monatlich (Minimum) M\u00f6glichkeit Trance Medium Session unter Supervision zu geben Buchungsoptionen: Early Bird bis 31.10.2025, 7 Early Bird Pl\u00e4tze: 9.900,00 \u20ac (nur Gesamtzahlung) Noch 5 Early [&hellip;]<\/p>\n","protected":false},"featured_media":23718,"template":"","meta":[],"product_brand":[],"product_cat":[266],"product_tag":[],"class_list":{"0":"post-23711","1":"product","2":"type-product","3":"status-publish","4":"has-post-thumbnail","6":"product_cat-intensivtrainings","8":"first","9":"instock","10":"taxable","11":"shipping-taxable","12":"purchasable","13":"product-type-variable"},"_links":{"self":[{"href":"https:\/\/shop.alexandrasorgenicht.com\/en\/wp-json\/wp\/v2\/product\/23711","targetHints":{"allow":["GET"]}}],"collection":[{"href":"https:\/\/shop.alexandrasorgenicht.com\/en\/wp-json\/wp\/v2\/product"}],"about":[{"href":"https:\/\/shop.alexandrasorgenicht.com\/en\/wp-json\/wp\/v2\/types\/product"}],"wp:featuredmedia":[{"embeddable":true,"href":"https:\/\/shop.alexandrasorgenicht.com\/en\/wp-json\/wp\/v2\/media\/23718"}],"wp:attachment":[{"href":"https:\/\/shop.alexandrasorgenicht.com\/en\/wp-json\/wp\/v2\/media?parent=23711"}],"wp:term":[{"taxonomy":"product_brand","embeddable":true,"href":"https:\/\/shop.alexandrasorgenicht.com\/en\/wp-json\/wp\/v2\/product_brand?post=23711"},{"taxonomy":"product_cat","embeddable":true,"href":"https:\/\/shop.alexandrasorgenicht.com\/en\/wp-json\/wp\/v2\/product_cat?post=23711"},{"taxonomy":"product_tag","embeddable":true,"href":"https:\/\/shop.alexandrasorgenicht.com\/en\/wp-json\/wp\/v2\/product_tag?post=23711"}],"curies":[{"name":"wp","href":"https:\/\/api.w.org\/{rel}","templated":true}]}}