{"id":24024,"date":"2025-11-17T19:59:41","date_gmt":"2025-11-17T18:59:41","guid":{"rendered":"https:\/\/shop.alexandrasorgenicht.com\/?post_type=product&#038;p=24024"},"modified":"2025-12-26T12:13:50","modified_gmt":"2025-12-26T11:13:50","slug":"rauhnaechte-2025-2026-die-13-naechte-deiner-inneren-aufrichtung","status":"publish","type":"product","link":"https:\/\/shop.alexandrasorgenicht.com\/en\/product\/rauhnaechte-2025-2026-die-13-naechte-deiner-inneren-aufrichtung\/","title":{"rendered":"Rauhn\u00e4chte 2025 \/ 2026 - The 13 nights of your inner upliftment"},"content":{"rendered":"<p><strong>Rauhn\u00e4chte - The 13 nights of your inner alignment<br \/>\n<\/strong>You can find the detailed description <a href=\"https:\/\/shop.alexandrasorgenicht.com\/en\/rauhnaechte-2025-2026\/\" target=\"_blank\" rel=\"noopener\"><strong>HERE<\/strong>.<\/a><strong><br \/>\n<\/strong><\/p>\n<p>Includes:<\/p>\n<ul>\n<li>Christmas Eve Live in Cologne + Hybrid<\/li>\n<li>12 modules of 10-15 minutes each<\/li>\n<li>Daily integration impulses<\/li>\n<li>Final live event on January 6<\/li>\n<li>Access to the platform for 12 months<\/li>\n<li>The Oil of Mary Magdalene Special Edition: Spirit of Mary - Embrace of the Mother<\/li>\n<\/ul>\n<p>Price: \u20ac 333 regular or pay conveniently in installments: 3 x \u20ac 122 (first installment on purchase, second installment on 15.12., third installment on 01.01.)<\/p>\n<p><strong>The special gift 2025\/26: Spirit of Mary - Embrace of the Mother<\/strong><br \/>\nThis year you will also receive a special ritual object that deepens the entire journey and anchors it on a physical and sensual level:<\/p>\n<p>Spirit of Mary - \u201eEmbrace of the Mother\u201c (Special Edition Myrrh)<br \/>\nThis oil is not just a fragrance - it is a key in your embodiment.<br \/>\nThe founder of Spirit of Mary, my friend Andrea Lottmann, found this oil in Jerusalem, in a moment of deep inner guidance. With each application, the scent touches your nervous system, opens your intuitive perception and connects you to a sensual, warm, sacred presence.<br \/>\nIt accompanies you through each of the twelve nights like a red thread of return.<\/p>\n<p><a href=\"https:\/\/shop.alexandrasorgenicht.com\/wp-content\/uploads\/2025\/11\/Gutschein-Rauhnaechte.pdf\" target=\"_blank\" rel=\"noopener\"><strong>HERE YOU CAN DOWNLOAD A PDF VOUCHER IF YOU WOULD LIKE TO GIVE THE RAUHN\u00c4CHTE 2025\/26 AS A GIFT.<\/strong><\/a><\/p>","protected":false},"excerpt":{"rendered":"<p>Rauhn\u00e4chte \u2013 Die 13 N\u00e4chte deiner inneren Aufrichtung Die ausf\u00fchrliche Beschreibung findest du HIER. Inklusive: Heiliger Abend Live in K\u00f6ln + Hybrid 12 Module \u00e0 10\u201315 Minuten T\u00e4gliche Integrationsimpulse Abschluss-Live-Event am 6. Januar Zugang zur Plattform f\u00fcr 12 Monate Das \u00d6l der Maria Magdalena Special Edition: Spirit of Mary \u2013 Embrace of the Mother Preis:\u2028333 [&hellip;]<\/p>\n","protected":false},"featured_media":24203,"template":"","meta":[],"product_brand":[],"product_cat":[274],"product_tag":[],"class_list":{"0":"post-24024","1":"product","2":"type-product","3":"status-publish","4":"has-post-thumbnail","6":"product_cat-weihnachtsangebote-2025","8":"first","9":"instock","10":"taxable","11":"shipping-taxable","12":"purchasable","13":"product-type-variable","14":"has-default-attributes"},"_links":{"self":[{"href":"https:\/\/shop.alexandrasorgenicht.com\/en\/wp-json\/wp\/v2\/product\/24024","targetHints":{"allow":["GET"]}}],"collection":[{"href":"https:\/\/shop.alexandrasorgenicht.com\/en\/wp-json\/wp\/v2\/product"}],"about":[{"href":"https:\/\/shop.alexandrasorgenicht.com\/en\/wp-json\/wp\/v2\/types\/product"}],"wp:featuredmedia":[{"embeddable":true,"href":"https:\/\/shop.alexandrasorgenicht.com\/en\/wp-json\/wp\/v2\/media\/24203"}],"wp:attachment":[{"href":"https:\/\/shop.alexandrasorgenicht.com\/en\/wp-json\/wp\/v2\/media?parent=24024"}],"wp:term":[{"taxonomy":"product_brand","embeddable":true,"href":"https:\/\/shop.alexandrasorgenicht.com\/en\/wp-json\/wp\/v2\/product_brand?post=24024"},{"taxonomy":"product_cat","embeddable":true,"href":"https:\/\/shop.alexandrasorgenicht.com\/en\/wp-json\/wp\/v2\/product_cat?post=24024"},{"taxonomy":"product_tag","embeddable":true,"href":"https:\/\/shop.alexandrasorgenicht.com\/en\/wp-json\/wp\/v2\/product_tag?post=24024"}],"curies":[{"name":"wp","href":"https:\/\/api.w.org\/{rel}","templated":true}]}}